{"id":5068,"date":"2025-12-02T12:12:42","date_gmt":"2025-12-02T08:42:42","guid":{"rendered":"https:\/\/alkhonaini.net\/?post_type=product&#038;p=5068"},"modified":"2026-02-08T00:04:07","modified_gmt":"2026-02-07T20:34:07","slug":"electric-recliner-chair-2","status":"publish","type":"product","link":"https:\/\/alkhonaini.net\/en\/product\/electric-recliner-chair-2\/","title":{"rendered":"Electric recliner chair"},"content":{"rendered":"<p>This electric recliner chair features a built-in USB charging port and is equipped with an HDM motor for smooth and reliable operation. It is designed with high-density foam and a strong wooden structure for enhanced comfort and durability. The chair supports up to 300 pounds and comes securely packed in a mail-carton box. Its product dimensions are 84 \u00d7 90 \u00d7 108 cm (W \u00d7 D \u00d7 H), while the packing size is 84 \u00d7 76 \u00d7 80 cm (W \u00d7 D \u00d7 H)<\/p>\n","protected":false},"excerpt":{"rendered":"<p>This electric recliner chair features a built-in USB charging port and is equipped with an HDM motor for smooth and reliable operation. It is designed with high-density foam and a strong wooden structure for enhanced comfort and durability. The chair supports up to 300 pounds and comes securely packed in a mail-carton box. Its product dimensions are 84 \u00d7 90 \u00d7 108 cm (W \u00d7 D \u00d7 H), while the packing size is 84 \u00d7 76 \u00d7 80 cm (W \u00d7 D \u00d7 H)<\/p>\n","protected":false},"featured_media":5069,"template":"","meta":[],"etheme_brands":[],"product_brand":[],"product_cat":[267,105],"product_tag":[],"class_list":{"0":"post-5068","1":"product","2":"type-product","3":"status-publish","4":"has-post-thumbnail","6":"product_cat-chairs","7":"product_cat-office-furniture","9":"first","10":"instock","11":"shipping-taxable","12":"purchasable","13":"product-type-simple"},"yoast_head":"<!-- This site is optimized with the Yoast SEO Premium plugin v27.4 (Yoast SEO v27.5) - https:\/\/yoast.com\/product\/yoast-seo-premium-wordpress\/ -->\n<title>Electric recliner chair - AlKhonaini<\/title>\n<meta name=\"robots\" content=\"index, follow, max-snippet:-1, max-image-preview:large, max-video-preview:-1\" \/>\n<link rel=\"canonical\" href=\"https:\/\/alkhonaini.net\/en\/product\/electric-recliner-chair-2\/\" \/>\n<meta property=\"og:locale\" content=\"en_US\" \/>\n<meta property=\"og:type\" content=\"article\" \/>\n<meta property=\"og:title\" content=\"Electric recliner chair\" \/>\n<meta property=\"og:description\" content=\"This electric recliner chair features a built-in USB charging port and is equipped with an HDM motor for smooth and reliable operation. It is designed with high-density foam and a strong wooden structure for enhanced comfort and durability. The chair supports up to 300 pounds and comes securely packed in a mail-carton box. Its product dimensions are 84 \u00d7 90 \u00d7 108 cm (W \u00d7 D \u00d7 H), while the packing size is 84 \u00d7 76 \u00d7 80 cm (W \u00d7 D \u00d7 H)\" \/>\n<meta property=\"og:url\" content=\"https:\/\/alkhonaini.net\/en\/product\/electric-recliner-chair-2\/\" \/>\n<meta property=\"og:site_name\" content=\"AlKhonaini\" \/>\n<meta property=\"article:modified_time\" content=\"2026-02-07T20:34:07+00:00\" \/>\n<meta property=\"og:image\" content=\"https:\/\/alkhonaini.net\/wp-content\/uploads\/2025\/12\/906310.jpg\" \/>\n\t<meta property=\"og:image:width\" content=\"379\" \/>\n\t<meta property=\"og:image:height\" content=\"410\" \/>\n\t<meta property=\"og:image:type\" content=\"image\/jpeg\" \/>\n<meta name=\"twitter:card\" content=\"summary_large_image\" \/>\n<meta name=\"twitter:label1\" content=\"Price\" \/>\n\t<meta name=\"twitter:data1\" content=\"&#x62f;.&#x643;95.000\" \/>\n\t<meta name=\"twitter:label2\" content=\"Availability\" \/>\n\t<meta name=\"twitter:data2\" content=\"In stock\" \/>\n<script type=\"application\/ld+json\" class=\"yoast-schema-graph\">{\"@context\":\"https:\\\/\\\/schema.org\",\"@graph\":[{\"@type\":\"WebPage\",\"@id\":\"https:\\\/\\\/alkhonaini.net\\\/product\\\/electric-recliner-chair-2\\\/\",\"url\":\"https:\\\/\\\/alkhonaini.net\\\/product\\\/electric-recliner-chair-2\\\/\",\"name\":\"Electric recliner chair - AlKhonaini\",\"isPartOf\":{\"@id\":\"https:\\\/\\\/alkhonaini.net\\\/#website\"},\"primaryImageOfPage\":{\"@id\":\"https:\\\/\\\/alkhonaini.net\\\/product\\\/electric-recliner-chair-2\\\/#primaryimage\"},\"image\":{\"@id\":\"https:\\\/\\\/alkhonaini.net\\\/product\\\/electric-recliner-chair-2\\\/#primaryimage\"},\"thumbnailUrl\":\"https:\\\/\\\/alkhonaini.net\\\/wp-content\\\/uploads\\\/2025\\\/12\\\/906310.jpg\",\"datePublished\":\"2025-12-02T08:42:42+00:00\",\"dateModified\":\"2026-02-07T20:34:07+00:00\",\"breadcrumb\":{\"@id\":\"https:\\\/\\\/alkhonaini.net\\\/product\\\/electric-recliner-chair-2\\\/#breadcrumb\"},\"inLanguage\":\"en-US\",\"potentialAction\":[{\"@type\":\"ReadAction\",\"target\":[\"https:\\\/\\\/alkhonaini.net\\\/product\\\/electric-recliner-chair-2\\\/\"]}]},{\"@type\":\"ImageObject\",\"inLanguage\":\"en-US\",\"@id\":\"https:\\\/\\\/alkhonaini.net\\\/product\\\/electric-recliner-chair-2\\\/#primaryimage\",\"url\":\"https:\\\/\\\/alkhonaini.net\\\/wp-content\\\/uploads\\\/2025\\\/12\\\/906310.jpg\",\"contentUrl\":\"https:\\\/\\\/alkhonaini.net\\\/wp-content\\\/uploads\\\/2025\\\/12\\\/906310.jpg\",\"width\":379,\"height\":410},{\"@type\":\"BreadcrumbList\",\"@id\":\"https:\\\/\\\/alkhonaini.net\\\/product\\\/electric-recliner-chair-2\\\/#breadcrumb\",\"itemListElement\":[{\"@type\":\"ListItem\",\"position\":1,\"name\":\"Home\",\"item\":\"https:\\\/\\\/alkhonaini.net\\\/\"},{\"@type\":\"ListItem\",\"position\":2,\"name\":\"Shop\",\"item\":\"https:\\\/\\\/alkhonaini.net\\\/en\\\/shop-2\\\/\"},{\"@type\":\"ListItem\",\"position\":3,\"name\":\"Electric recliner chair\"}]},{\"@type\":\"WebSite\",\"@id\":\"https:\\\/\\\/alkhonaini.net\\\/#website\",\"url\":\"https:\\\/\\\/alkhonaini.net\\\/\",\"name\":\"Al-Khonaini\",\"description\":\"Office Furniture Solutions in Kuwait\",\"publisher\":{\"@id\":\"https:\\\/\\\/alkhonaini.net\\\/#organization\"},\"alternateName\":\"AlKhonaini\",\"potentialAction\":[{\"@type\":\"SearchAction\",\"target\":{\"@type\":\"EntryPoint\",\"urlTemplate\":\"https:\\\/\\\/alkhonaini.net\\\/?s={search_term_string}\"},\"query-input\":{\"@type\":\"PropertyValueSpecification\",\"valueRequired\":true,\"valueName\":\"search_term_string\"}}],\"inLanguage\":\"en-US\"},{\"@type\":\"Organization\",\"@id\":\"https:\\\/\\\/alkhonaini.net\\\/#organization\",\"name\":\"Al-Khonaini General Trading & Contracting Co.\",\"alternateName\":\"AlKhonaini\",\"url\":\"https:\\\/\\\/alkhonaini.net\\\/\",\"logo\":{\"@type\":\"ImageObject\",\"inLanguage\":\"en-US\",\"@id\":\"https:\\\/\\\/alkhonaini.net\\\/#\\\/schema\\\/logo\\\/image\\\/\",\"url\":\"https:\\\/\\\/alkhonaini.net\\\/wp-content\\\/uploads\\\/kling_20260407_\u4f5c\u54c1_Image1Extr_3909_0-scaled.png\",\"contentUrl\":\"https:\\\/\\\/alkhonaini.net\\\/wp-content\\\/uploads\\\/kling_20260407_\u4f5c\u54c1_Image1Extr_3909_0-scaled.png\",\"width\":2560,\"height\":1082,\"caption\":\"Al-Khonaini General Trading & Contracting Co.\"},\"image\":{\"@id\":\"https:\\\/\\\/alkhonaini.net\\\/#\\\/schema\\\/logo\\\/image\\\/\"},\"hasMerchantReturnPolicy\":{\"@type\":\"MerchantReturnPolicy\",\"merchantReturnLink\":\"https:\\\/\\\/alkhonaini.net\\\/en\\\/refund_returns-2\\\/\"}}]}<\/script>\n<meta property=\"product:price:amount\" content=\"95.000\" \/>\n<meta property=\"product:price:currency\" content=\"KWD\" \/>\n<meta property=\"og:availability\" content=\"instock\" \/>\n<meta property=\"product:availability\" content=\"instock\" \/>\n<meta property=\"product:retailer_item_id\" content=\"906310\" \/>\n<meta property=\"product:condition\" content=\"new\" \/>\n<!-- \/ Yoast SEO Premium plugin. -->","yoast_head_json":{"title":"Electric recliner chair - AlKhonaini","robots":{"index":"index","follow":"follow","max-snippet":"max-snippet:-1","max-image-preview":"max-image-preview:large","max-video-preview":"max-video-preview:-1"},"canonical":"https:\/\/alkhonaini.net\/en\/product\/electric-recliner-chair-2\/","og_locale":"en_US","og_type":"article","og_title":"Electric recliner chair","og_description":"This electric recliner chair features a built-in USB charging port and is equipped with an HDM motor for smooth and reliable operation. It is designed with high-density foam and a strong wooden structure for enhanced comfort and durability. The chair supports up to 300 pounds and comes securely packed in a mail-carton box. Its product dimensions are 84 \u00d7 90 \u00d7 108 cm (W \u00d7 D \u00d7 H), while the packing size is 84 \u00d7 76 \u00d7 80 cm (W \u00d7 D \u00d7 H)","og_url":"https:\/\/alkhonaini.net\/en\/product\/electric-recliner-chair-2\/","og_site_name":"AlKhonaini","article_modified_time":"2026-02-07T20:34:07+00:00","og_image":[{"width":379,"height":410,"url":"https:\/\/alkhonaini.net\/wp-content\/uploads\/2025\/12\/906310.jpg","type":"image\/jpeg"}],"twitter_card":"summary_large_image","twitter_misc":{"Price":"&#x62f;.&#x643;95.000","Availability":"In stock"},"schema":{"@context":"https:\/\/schema.org","@graph":[{"@type":"WebPage","@id":"https:\/\/alkhonaini.net\/product\/electric-recliner-chair-2\/","url":"https:\/\/alkhonaini.net\/product\/electric-recliner-chair-2\/","name":"Electric recliner chair - AlKhonaini","isPartOf":{"@id":"https:\/\/alkhonaini.net\/#website"},"primaryImageOfPage":{"@id":"https:\/\/alkhonaini.net\/product\/electric-recliner-chair-2\/#primaryimage"},"image":{"@id":"https:\/\/alkhonaini.net\/product\/electric-recliner-chair-2\/#primaryimage"},"thumbnailUrl":"https:\/\/alkhonaini.net\/wp-content\/uploads\/2025\/12\/906310.jpg","datePublished":"2025-12-02T08:42:42+00:00","dateModified":"2026-02-07T20:34:07+00:00","breadcrumb":{"@id":"https:\/\/alkhonaini.net\/product\/electric-recliner-chair-2\/#breadcrumb"},"inLanguage":"en-US","potentialAction":[{"@type":"ReadAction","target":["https:\/\/alkhonaini.net\/product\/electric-recliner-chair-2\/"]}]},{"@type":"ImageObject","inLanguage":"en-US","@id":"https:\/\/alkhonaini.net\/product\/electric-recliner-chair-2\/#primaryimage","url":"https:\/\/alkhonaini.net\/wp-content\/uploads\/2025\/12\/906310.jpg","contentUrl":"https:\/\/alkhonaini.net\/wp-content\/uploads\/2025\/12\/906310.jpg","width":379,"height":410},{"@type":"BreadcrumbList","@id":"https:\/\/alkhonaini.net\/product\/electric-recliner-chair-2\/#breadcrumb","itemListElement":[{"@type":"ListItem","position":1,"name":"Home","item":"https:\/\/alkhonaini.net\/"},{"@type":"ListItem","position":2,"name":"Shop","item":"https:\/\/alkhonaini.net\/en\/shop-2\/"},{"@type":"ListItem","position":3,"name":"Electric recliner chair"}]},{"@type":"WebSite","@id":"https:\/\/alkhonaini.net\/#website","url":"https:\/\/alkhonaini.net\/","name":"Al-Khonaini","description":"Office Furniture Solutions in Kuwait","publisher":{"@id":"https:\/\/alkhonaini.net\/#organization"},"alternateName":"AlKhonaini","potentialAction":[{"@type":"SearchAction","target":{"@type":"EntryPoint","urlTemplate":"https:\/\/alkhonaini.net\/?s={search_term_string}"},"query-input":{"@type":"PropertyValueSpecification","valueRequired":true,"valueName":"search_term_string"}}],"inLanguage":"en-US"},{"@type":"Organization","@id":"https:\/\/alkhonaini.net\/#organization","name":"Al-Khonaini General Trading & Contracting Co.","alternateName":"AlKhonaini","url":"https:\/\/alkhonaini.net\/","logo":{"@type":"ImageObject","inLanguage":"en-US","@id":"https:\/\/alkhonaini.net\/#\/schema\/logo\/image\/","url":"https:\/\/alkhonaini.net\/wp-content\/uploads\/kling_20260407_\u4f5c\u54c1_Image1Extr_3909_0-scaled.png","contentUrl":"https:\/\/alkhonaini.net\/wp-content\/uploads\/kling_20260407_\u4f5c\u54c1_Image1Extr_3909_0-scaled.png","width":2560,"height":1082,"caption":"Al-Khonaini General Trading & Contracting Co."},"image":{"@id":"https:\/\/alkhonaini.net\/#\/schema\/logo\/image\/"},"hasMerchantReturnPolicy":{"@type":"MerchantReturnPolicy","merchantReturnLink":"https:\/\/alkhonaini.net\/en\/refund_returns-2\/"}}]},"product_price_amount":"95.000","product_price_currency":"KWD","og_availability":"instock","product_availability":"instock","product_retailer_item_id":"906310","product_condition":"new"},"_links":{"self":[{"href":"https:\/\/alkhonaini.net\/en\/wp-json\/wp\/v2\/product\/5068","targetHints":{"allow":["GET"]}}],"collection":[{"href":"https:\/\/alkhonaini.net\/en\/wp-json\/wp\/v2\/product"}],"about":[{"href":"https:\/\/alkhonaini.net\/en\/wp-json\/wp\/v2\/types\/product"}],"version-history":[{"count":1,"href":"https:\/\/alkhonaini.net\/en\/wp-json\/wp\/v2\/product\/5068\/revisions"}],"predecessor-version":[{"id":5072,"href":"https:\/\/alkhonaini.net\/en\/wp-json\/wp\/v2\/product\/5068\/revisions\/5072"}],"wp:featuredmedia":[{"embeddable":true,"href":"https:\/\/alkhonaini.net\/en\/wp-json\/wp\/v2\/media\/5069"}],"wp:attachment":[{"href":"https:\/\/alkhonaini.net\/en\/wp-json\/wp\/v2\/media?parent=5068"}],"wp:term":[{"taxonomy":"brand","embeddable":true,"href":"https:\/\/alkhonaini.net\/en\/wp-json\/wp\/v2\/etheme_brands?post=5068"},{"taxonomy":"product_brand","embeddable":true,"href":"https:\/\/alkhonaini.net\/en\/wp-json\/wp\/v2\/product_brand?post=5068"},{"taxonomy":"product_cat","embeddable":true,"href":"https:\/\/alkhonaini.net\/en\/wp-json\/wp\/v2\/product_cat?post=5068"},{"taxonomy":"product_tag","embeddable":true,"href":"https:\/\/alkhonaini.net\/en\/wp-json\/wp\/v2\/product_tag?post=5068"}],"curies":[{"name":"wp","href":"https:\/\/api.w.org\/{rel}","templated":true}]}}