{"id":5061,"date":"2025-12-02T12:00:21","date_gmt":"2025-12-02T08:30:21","guid":{"rendered":"https:\/\/alkhonaini.net\/?post_type=product&#038;p=5061"},"modified":"2025-12-03T09:49:17","modified_gmt":"2025-12-03T06:19:17","slug":"electric-recliner-chair","status":"publish","type":"product","link":"https:\/\/alkhonaini.net\/ar\/product\/electric-recliner-chair\/","title":{"rendered":"Electric recliner chair"},"content":{"rendered":"<p>This electric recliner chair features a dual-motor system for enhanced adjustability and smooth operation. It includes both USB and Type-C charging ports for convenient device charging. Equipped with an E-motor and a rock-and-swivel star-base mechanism, the chair offers excellent mobility and comfort. It is built with high-density foam and a strong wooden structure for lasting durability. The recliner supports up to 300 pounds and is securely packed in a mail-carton box. The product size is 88 \u00d7 90 \u00d7 108 cm (W \u00d7 D \u00d7 H), and the packing size is 87 \u00d7 79 \u00d7 75 cm (W \u00d7 D \u00d7 H)<\/p>","protected":false},"excerpt":{"rendered":"<p>This electric recliner chair features a dual-motor system for enhanced adjustability and smooth operation. It includes both USB and Type-C charging ports for convenient device charging. Equipped with an E-motor and a rock-and-swivel star-base mechanism, the chair offers excellent mobility and comfort. It is built with high-density foam and a strong wooden structure for lasting durability. The recliner supports up to 300 pounds and is securely packed in a mail-carton box. The product size is 88 \u00d7 90 \u00d7 108 cm (W \u00d7 D \u00d7 H), and the packing size is 87 \u00d7 79 \u00d7 75 cm (W \u00d7 D \u00d7 H)<\/p>","protected":false},"featured_media":5062,"template":"","meta":[],"etheme_brands":[],"product_brand":[],"product_cat":[267,105],"product_tag":[],"class_list":{"0":"post-5061","1":"product","2":"type-product","3":"status-publish","4":"has-post-thumbnail","6":"product_cat-chairs","7":"product_cat-office-furniture","9":"first","10":"instock","11":"shipping-taxable","12":"purchasable","13":"product-type-simple"},"yoast_head":"<!-- This site is optimized with the Yoast SEO Premium plugin v27.4 (Yoast SEO v27.5) - https:\/\/yoast.com\/product\/yoast-seo-premium-wordpress\/ -->\n<title>Electric recliner chair - AlKhonaini<\/title>\n<meta name=\"robots\" content=\"index, follow, max-snippet:-1, max-image-preview:large, max-video-preview:-1\" \/>\n<link rel=\"canonical\" href=\"https:\/\/alkhonaini.net\/ar\/product\/electric-recliner-chair\/\" \/>\n<meta property=\"og:locale\" content=\"ar_AR\" \/>\n<meta property=\"og:type\" content=\"article\" \/>\n<meta property=\"og:title\" content=\"Electric recliner chair\" \/>\n<meta property=\"og:description\" content=\"This electric recliner chair features a dual-motor system for enhanced adjustability and smooth operation. It includes both USB and Type-C charging ports for convenient device charging. Equipped with an E-motor and a rock-and-swivel star-base mechanism, the chair offers excellent mobility and comfort. It is built with high-density foam and a strong wooden structure for lasting durability. The recliner supports up to 300 pounds and is securely packed in a mail-carton box. The product size is 88 \u00d7 90 \u00d7 108 cm (W \u00d7 D \u00d7 H), and the packing size is 87 \u00d7 79 \u00d7 75 cm (W \u00d7 D \u00d7 H)\" \/>\n<meta property=\"og:url\" content=\"https:\/\/alkhonaini.net\/ar\/product\/electric-recliner-chair\/\" \/>\n<meta property=\"og:site_name\" content=\"AlKhonaini\" \/>\n<meta property=\"article:modified_time\" content=\"2025-12-03T06:19:17+00:00\" \/>\n<meta property=\"og:image\" content=\"https:\/\/alkhonaini.net\/wp-content\/uploads\/2025\/12\/906311.jpg\" \/>\n\t<meta property=\"og:image:width\" content=\"554\" \/>\n\t<meta property=\"og:image:height\" content=\"610\" \/>\n\t<meta property=\"og:image:type\" content=\"image\/jpeg\" \/>\n<meta name=\"twitter:card\" content=\"summary_large_image\" \/>\n<meta name=\"twitter:label1\" content=\"\u0627\u0644\u0633\u0639\u0631\" \/>\n\t<meta name=\"twitter:data1\" content=\"&#x62f;.&#x643;180.000\" \/>\n\t<meta name=\"twitter:label2\" content=\"\u0627\u0644\u062a\u0648\u0641\u0631\" \/>\n\t<meta name=\"twitter:data2\" content=\"\u0645\u062a\u0648\u0641\u0631 \u0641\u064a \u0627\u0644\u0645\u062e\u0632\u0648\u0646\" \/>\n<script type=\"application\/ld+json\" class=\"yoast-schema-graph\">{\"@context\":\"https:\\\/\\\/schema.org\",\"@graph\":[{\"@type\":\"WebPage\",\"@id\":\"https:\\\/\\\/alkhonaini.net\\\/product\\\/electric-recliner-chair\\\/\",\"url\":\"https:\\\/\\\/alkhonaini.net\\\/product\\\/electric-recliner-chair\\\/\",\"name\":\"Electric recliner chair - AlKhonaini\",\"isPartOf\":{\"@id\":\"https:\\\/\\\/alkhonaini.net\\\/#website\"},\"primaryImageOfPage\":{\"@id\":\"https:\\\/\\\/alkhonaini.net\\\/product\\\/electric-recliner-chair\\\/#primaryimage\"},\"image\":{\"@id\":\"https:\\\/\\\/alkhonaini.net\\\/product\\\/electric-recliner-chair\\\/#primaryimage\"},\"thumbnailUrl\":\"https:\\\/\\\/alkhonaini.net\\\/wp-content\\\/uploads\\\/2025\\\/12\\\/906311.jpg\",\"datePublished\":\"2025-12-02T08:30:21+00:00\",\"dateModified\":\"2025-12-03T06:19:17+00:00\",\"breadcrumb\":{\"@id\":\"https:\\\/\\\/alkhonaini.net\\\/product\\\/electric-recliner-chair\\\/#breadcrumb\"},\"inLanguage\":\"ar\",\"potentialAction\":[{\"@type\":\"ReadAction\",\"target\":[\"https:\\\/\\\/alkhonaini.net\\\/product\\\/electric-recliner-chair\\\/\"]}]},{\"@type\":\"ImageObject\",\"inLanguage\":\"ar\",\"@id\":\"https:\\\/\\\/alkhonaini.net\\\/product\\\/electric-recliner-chair\\\/#primaryimage\",\"url\":\"https:\\\/\\\/alkhonaini.net\\\/wp-content\\\/uploads\\\/2025\\\/12\\\/906311.jpg\",\"contentUrl\":\"https:\\\/\\\/alkhonaini.net\\\/wp-content\\\/uploads\\\/2025\\\/12\\\/906311.jpg\",\"width\":554,\"height\":610},{\"@type\":\"BreadcrumbList\",\"@id\":\"https:\\\/\\\/alkhonaini.net\\\/product\\\/electric-recliner-chair\\\/#breadcrumb\",\"itemListElement\":[{\"@type\":\"ListItem\",\"position\":1,\"name\":\"Home\",\"item\":\"https:\\\/\\\/alkhonaini.net\\\/\"},{\"@type\":\"ListItem\",\"position\":2,\"name\":\"Shop\",\"item\":\"https:\\\/\\\/alkhonaini.net\\\/en\\\/shop-2\\\/\"},{\"@type\":\"ListItem\",\"position\":3,\"name\":\"Electric recliner chair\"}]},{\"@type\":\"WebSite\",\"@id\":\"https:\\\/\\\/alkhonaini.net\\\/#website\",\"url\":\"https:\\\/\\\/alkhonaini.net\\\/\",\"name\":\"Al-Khonaini\",\"description\":\"Office Furniture Solutions in Kuwait\",\"publisher\":{\"@id\":\"https:\\\/\\\/alkhonaini.net\\\/#organization\"},\"alternateName\":\"AlKhonaini\",\"potentialAction\":[{\"@type\":\"SearchAction\",\"target\":{\"@type\":\"EntryPoint\",\"urlTemplate\":\"https:\\\/\\\/alkhonaini.net\\\/?s={search_term_string}\"},\"query-input\":{\"@type\":\"PropertyValueSpecification\",\"valueRequired\":true,\"valueName\":\"search_term_string\"}}],\"inLanguage\":\"ar\"},{\"@type\":\"Organization\",\"@id\":\"https:\\\/\\\/alkhonaini.net\\\/#organization\",\"name\":\"Al-Khonaini General Trading & Contracting Co.\",\"alternateName\":\"AlKhonaini\",\"url\":\"https:\\\/\\\/alkhonaini.net\\\/\",\"logo\":{\"@type\":\"ImageObject\",\"inLanguage\":\"ar\",\"@id\":\"https:\\\/\\\/alkhonaini.net\\\/#\\\/schema\\\/logo\\\/image\\\/\",\"url\":\"https:\\\/\\\/alkhonaini.net\\\/wp-content\\\/uploads\\\/kling_20260407_\u4f5c\u54c1_Image1Extr_3909_0-scaled.png\",\"contentUrl\":\"https:\\\/\\\/alkhonaini.net\\\/wp-content\\\/uploads\\\/kling_20260407_\u4f5c\u54c1_Image1Extr_3909_0-scaled.png\",\"width\":2560,\"height\":1082,\"caption\":\"Al-Khonaini General Trading & Contracting Co.\"},\"image\":{\"@id\":\"https:\\\/\\\/alkhonaini.net\\\/#\\\/schema\\\/logo\\\/image\\\/\"},\"hasMerchantReturnPolicy\":{\"@type\":\"MerchantReturnPolicy\",\"merchantReturnLink\":\"https:\\\/\\\/alkhonaini.net\\\/ar\\\/refund_returns-2\\\/\"}}]}<\/script>\n<meta property=\"product:price:amount\" content=\"180.000\" \/>\n<meta property=\"product:price:currency\" content=\"KWD\" \/>\n<meta property=\"og:availability\" content=\"instock\" \/>\n<meta property=\"product:availability\" content=\"instock\" \/>\n<meta property=\"product:retailer_item_id\" content=\"906311\" \/>\n<meta property=\"product:condition\" content=\"new\" \/>\n<!-- \/ Yoast SEO Premium plugin. -->","yoast_head_json":{"title":"Electric recliner chair - AlKhonaini","robots":{"index":"index","follow":"follow","max-snippet":"max-snippet:-1","max-image-preview":"max-image-preview:large","max-video-preview":"max-video-preview:-1"},"canonical":"https:\/\/alkhonaini.net\/ar\/product\/electric-recliner-chair\/","og_locale":"ar_AR","og_type":"article","og_title":"Electric recliner chair","og_description":"This electric recliner chair features a dual-motor system for enhanced adjustability and smooth operation. It includes both USB and Type-C charging ports for convenient device charging. Equipped with an E-motor and a rock-and-swivel star-base mechanism, the chair offers excellent mobility and comfort. It is built with high-density foam and a strong wooden structure for lasting durability. The recliner supports up to 300 pounds and is securely packed in a mail-carton box. The product size is 88 \u00d7 90 \u00d7 108 cm (W \u00d7 D \u00d7 H), and the packing size is 87 \u00d7 79 \u00d7 75 cm (W \u00d7 D \u00d7 H)","og_url":"https:\/\/alkhonaini.net\/ar\/product\/electric-recliner-chair\/","og_site_name":"AlKhonaini","article_modified_time":"2025-12-03T06:19:17+00:00","og_image":[{"width":554,"height":610,"url":"https:\/\/alkhonaini.net\/wp-content\/uploads\/2025\/12\/906311.jpg","type":"image\/jpeg"}],"twitter_card":"summary_large_image","twitter_misc":{"\u0627\u0644\u0633\u0639\u0631":"&#x62f;.&#x643;180.000","\u0627\u0644\u062a\u0648\u0641\u0631":"\u0645\u062a\u0648\u0641\u0631 \u0641\u064a \u0627\u0644\u0645\u062e\u0632\u0648\u0646"},"schema":{"@context":"https:\/\/schema.org","@graph":[{"@type":"WebPage","@id":"https:\/\/alkhonaini.net\/product\/electric-recliner-chair\/","url":"https:\/\/alkhonaini.net\/product\/electric-recliner-chair\/","name":"Electric recliner chair - AlKhonaini","isPartOf":{"@id":"https:\/\/alkhonaini.net\/#website"},"primaryImageOfPage":{"@id":"https:\/\/alkhonaini.net\/product\/electric-recliner-chair\/#primaryimage"},"image":{"@id":"https:\/\/alkhonaini.net\/product\/electric-recliner-chair\/#primaryimage"},"thumbnailUrl":"https:\/\/alkhonaini.net\/wp-content\/uploads\/2025\/12\/906311.jpg","datePublished":"2025-12-02T08:30:21+00:00","dateModified":"2025-12-03T06:19:17+00:00","breadcrumb":{"@id":"https:\/\/alkhonaini.net\/product\/electric-recliner-chair\/#breadcrumb"},"inLanguage":"ar","potentialAction":[{"@type":"ReadAction","target":["https:\/\/alkhonaini.net\/product\/electric-recliner-chair\/"]}]},{"@type":"ImageObject","inLanguage":"ar","@id":"https:\/\/alkhonaini.net\/product\/electric-recliner-chair\/#primaryimage","url":"https:\/\/alkhonaini.net\/wp-content\/uploads\/2025\/12\/906311.jpg","contentUrl":"https:\/\/alkhonaini.net\/wp-content\/uploads\/2025\/12\/906311.jpg","width":554,"height":610},{"@type":"BreadcrumbList","@id":"https:\/\/alkhonaini.net\/product\/electric-recliner-chair\/#breadcrumb","itemListElement":[{"@type":"ListItem","position":1,"name":"Home","item":"https:\/\/alkhonaini.net\/"},{"@type":"ListItem","position":2,"name":"Shop","item":"https:\/\/alkhonaini.net\/en\/shop-2\/"},{"@type":"ListItem","position":3,"name":"Electric recliner chair"}]},{"@type":"WebSite","@id":"https:\/\/alkhonaini.net\/#website","url":"https:\/\/alkhonaini.net\/","name":"Al-Khonaini","description":"Office Furniture Solutions in Kuwait","publisher":{"@id":"https:\/\/alkhonaini.net\/#organization"},"alternateName":"AlKhonaini","potentialAction":[{"@type":"SearchAction","target":{"@type":"EntryPoint","urlTemplate":"https:\/\/alkhonaini.net\/?s={search_term_string}"},"query-input":{"@type":"PropertyValueSpecification","valueRequired":true,"valueName":"search_term_string"}}],"inLanguage":"ar"},{"@type":"Organization","@id":"https:\/\/alkhonaini.net\/#organization","name":"Al-Khonaini General Trading & Contracting Co.","alternateName":"AlKhonaini","url":"https:\/\/alkhonaini.net\/","logo":{"@type":"ImageObject","inLanguage":"ar","@id":"https:\/\/alkhonaini.net\/#\/schema\/logo\/image\/","url":"https:\/\/alkhonaini.net\/wp-content\/uploads\/kling_20260407_\u4f5c\u54c1_Image1Extr_3909_0-scaled.png","contentUrl":"https:\/\/alkhonaini.net\/wp-content\/uploads\/kling_20260407_\u4f5c\u54c1_Image1Extr_3909_0-scaled.png","width":2560,"height":1082,"caption":"Al-Khonaini General Trading & Contracting Co."},"image":{"@id":"https:\/\/alkhonaini.net\/#\/schema\/logo\/image\/"},"hasMerchantReturnPolicy":{"@type":"MerchantReturnPolicy","merchantReturnLink":"https:\/\/alkhonaini.net\/ar\/refund_returns-2\/"}}]},"product_price_amount":"180.000","product_price_currency":"KWD","og_availability":"instock","product_availability":"instock","product_retailer_item_id":"906311","product_condition":"new"},"_links":{"self":[{"href":"https:\/\/alkhonaini.net\/ar\/wp-json\/wp\/v2\/product\/5061","targetHints":{"allow":["GET"]}}],"collection":[{"href":"https:\/\/alkhonaini.net\/ar\/wp-json\/wp\/v2\/product"}],"about":[{"href":"https:\/\/alkhonaini.net\/ar\/wp-json\/wp\/v2\/types\/product"}],"version-history":[{"count":3,"href":"https:\/\/alkhonaini.net\/ar\/wp-json\/wp\/v2\/product\/5061\/revisions"}],"predecessor-version":[{"id":5095,"href":"https:\/\/alkhonaini.net\/ar\/wp-json\/wp\/v2\/product\/5061\/revisions\/5095"}],"wp:featuredmedia":[{"embeddable":true,"href":"https:\/\/alkhonaini.net\/ar\/wp-json\/wp\/v2\/media\/5062"}],"wp:attachment":[{"href":"https:\/\/alkhonaini.net\/ar\/wp-json\/wp\/v2\/media?parent=5061"}],"wp:term":[{"taxonomy":"brand","embeddable":true,"href":"https:\/\/alkhonaini.net\/ar\/wp-json\/wp\/v2\/etheme_brands?post=5061"},{"taxonomy":"product_brand","embeddable":true,"href":"https:\/\/alkhonaini.net\/ar\/wp-json\/wp\/v2\/product_brand?post=5061"},{"taxonomy":"product_cat","embeddable":true,"href":"https:\/\/alkhonaini.net\/ar\/wp-json\/wp\/v2\/product_cat?post=5061"},{"taxonomy":"product_tag","embeddable":true,"href":"https:\/\/alkhonaini.net\/ar\/wp-json\/wp\/v2\/product_tag?post=5061"}],"curies":[{"name":"wp","href":"https:\/\/api.w.org\/{rel}","templated":true}]}}